{"id":121,"date":"2022-02-06T18:14:43","date_gmt":"2022-02-06T18:14:43","guid":{"rendered":"http:\/\/dobeles1.lv\/?page_id=121"},"modified":"2022-02-06T23:58:12","modified_gmt":"2022-02-06T23:58:12","slug":"dermatologi","status":"publish","type":"page","link":"http:\/\/dobeles1.lv\/index.php\/dermatologi\/","title":{"rendered":"Dermatologi"},"content":{"rendered":"<div class=\"post-content\">\n<p>Skaidr\u012bte p\u0113du speci\u0101liste, tel: 26465376, epasts: skorpioni@inbox.lv<\/p>\n\n\n\n<p>Pal\u012bdz\u012bba ar :<\/p>\n\n\n\n<p>biezu raupju, saplais\u0101ju\u0161u p\u0113du \u0101du; <\/p>\n\n\n\n<p>var\u017eacu, k\u0101rpu likvid\u0113\u0161ana;<\/p>\n\n\n\n<p>nagu deform\u0101cija, korekcija;<\/p>\n\n\n\n<p>nagu s\u0113n\u012b\u0161u slim\u012bbas;<\/p>\n\n\n\n<p>citas p\u0113du un nagu probl\u0113mas;<\/p>\n\n\n\n<p>mas\u0101\u017ea.<\/p>\n<\/div>","protected":false},"excerpt":{"rendered":"<p>Skaidr\u012bte p\u0113du speci\u0101liste, tel: 26465376, epasts: skorpioni@inbox.lv Pal\u012bdz\u012bba ar :<a href=\"http:\/\/dobeles1.lv\/index.php\/dermatologi\/\">Read More<i class=\"fa fa-long-arrow-right\" aria-hidden=\"true\"><\/i><\/a><\/p>\n","protected":false},"author":1,"featured_media":0,"parent":0,"menu_order":0,"comment_status":"closed","ping_status":"closed","template":"","meta":{"om_disable_all_campaigns":false,"_monsterinsights_skip_tracking":false,"_monsterinsights_sitenote_active":false,"_monsterinsights_sitenote_note":"","_monsterinsights_sitenote_category":0,"footnotes":""},"class_list":["post-121","page","type-page","status-publish","hentry"],"_links":{"self":[{"href":"http:\/\/dobeles1.lv\/index.php\/wp-json\/wp\/v2\/pages\/121","targetHints":{"allow":["GET"]}}],"collection":[{"href":"http:\/\/dobeles1.lv\/index.php\/wp-json\/wp\/v2\/pages"}],"about":[{"href":"http:\/\/dobeles1.lv\/index.php\/wp-json\/wp\/v2\/types\/page"}],"author":[{"embeddable":true,"href":"http:\/\/dobeles1.lv\/index.php\/wp-json\/wp\/v2\/users\/1"}],"replies":[{"embeddable":true,"href":"http:\/\/dobeles1.lv\/index.php\/wp-json\/wp\/v2\/comments?post=121"}],"version-history":[{"count":3,"href":"http:\/\/dobeles1.lv\/index.php\/wp-json\/wp\/v2\/pages\/121\/revisions"}],"predecessor-version":[{"id":131,"href":"http:\/\/dobeles1.lv\/index.php\/wp-json\/wp\/v2\/pages\/121\/revisions\/131"}],"wp:attachment":[{"href":"http:\/\/dobeles1.lv\/index.php\/wp-json\/wp\/v2\/media?parent=121"}],"curies":[{"name":"wp","href":"https:\/\/api.w.org\/{rel}","templated":true}]}}