{"id":5,"date":"2021-12-13T01:10:10","date_gmt":"2021-12-13T01:10:10","guid":{"rendered":"http:\/\/dobeles1.lv\/?page_id=5"},"modified":"2022-01-22T14:09:22","modified_gmt":"2022-01-22T14:09:22","slug":"create-your-website-with-blocks","status":"publish","type":"page","link":"http:\/\/dobeles1.lv\/","title":{"rendered":"Telpu noma"},"content":{"rendered":"<div class=\"post-content\">\n<p>Pied\u0101v\u0101jam jauku, modernu, jaun\u0101kajiem un stingr\u0101kajiem standartem atbilsto\u0161u un piem\u0113rotu telpu nomu Br\u012bv\u012bbas iel\u0101 11A, Dobel\u0113.<\/p>\n\n\n\n<p>T\u0101lrunis inform\u0101cijai: +37129409509, epasts: <a href=\"mailto:gints.turlajs@smartcontinent.lv\">gints.turlajs@smartcontinent.lv<\/a><\/p>\n\n\n\n<h2 class=\"alignwide has-text-align-wide has-gigantic-font-size wp-block-heading\" style=\"line-height:1.1\"><\/h2>\n\n\n\n<div style=\"height:100px\" aria-hidden=\"true\" class=\"wp-block-spacer\"><\/div>\n\n\n\n<div class=\"wp-block-columns alignwide are-vertically-aligned-center is-style-twentytwentyone-columns-overlap is-layout-flex wp-container-core-columns-is-layout-9d6595d7 wp-block-columns-is-layout-flex\">\n<div class=\"wp-block-column is-vertically-aligned-center is-layout-flow wp-block-column-is-layout-flow\">\n<div style=\"height:100px\" aria-hidden=\"true\" class=\"wp-block-spacer\"><\/div>\n<\/div>\n\n\n\n<div class=\"wp-block-column is-vertically-aligned-center is-layout-flow wp-block-column-is-layout-flow\">\n<div style=\"height:100px\" aria-hidden=\"true\" class=\"wp-block-spacer\"><\/div>\n<\/div>\n<\/div>\n\n\n\n<div style=\"height:50px\" aria-hidden=\"true\" class=\"wp-block-spacer\"><\/div>\n\n\n\n<div class=\"wp-block-columns alignwide are-vertically-aligned-top is-layout-flex wp-container-core-columns-is-layout-9d6595d7 wp-block-columns-is-layout-flex\"><\/div>\n<\/div>","protected":false},"excerpt":{"rendered":"<p>Pied\u0101v\u0101jam jauku, modernu, jaun\u0101kajiem un stingr\u0101kajiem standartem atbilsto\u0161u un piem\u0113rotu<a href=\"http:\/\/dobeles1.lv\/\">Read More<i class=\"fa fa-long-arrow-right\" aria-hidden=\"true\"><\/i><\/a><\/p>\n","protected":false},"author":1,"featured_media":0,"parent":0,"menu_order":0,"comment_status":"closed","ping_status":"closed","template":"","meta":{"om_disable_all_campaigns":false,"_monsterinsights_skip_tracking":false,"_monsterinsights_sitenote_active":false,"_monsterinsights_sitenote_note":"","_monsterinsights_sitenote_category":0,"footnotes":""},"class_list":["post-5","page","type-page","status-publish","hentry"],"_links":{"self":[{"href":"http:\/\/dobeles1.lv\/index.php\/wp-json\/wp\/v2\/pages\/5","targetHints":{"allow":["GET"]}}],"collection":[{"href":"http:\/\/dobeles1.lv\/index.php\/wp-json\/wp\/v2\/pages"}],"about":[{"href":"http:\/\/dobeles1.lv\/index.php\/wp-json\/wp\/v2\/types\/page"}],"author":[{"embeddable":true,"href":"http:\/\/dobeles1.lv\/index.php\/wp-json\/wp\/v2\/users\/1"}],"replies":[{"embeddable":true,"href":"http:\/\/dobeles1.lv\/index.php\/wp-json\/wp\/v2\/comments?post=5"}],"version-history":[{"count":8,"href":"http:\/\/dobeles1.lv\/index.php\/wp-json\/wp\/v2\/pages\/5\/revisions"}],"predecessor-version":[{"id":101,"href":"http:\/\/dobeles1.lv\/index.php\/wp-json\/wp\/v2\/pages\/5\/revisions\/101"}],"wp:attachment":[{"href":"http:\/\/dobeles1.lv\/index.php\/wp-json\/wp\/v2\/media?parent=5"}],"curies":[{"name":"wp","href":"https:\/\/api.w.org\/{rel}","templated":true}]}}