{"id":58,"date":"2022-01-22T12:48:22","date_gmt":"2022-01-22T12:48:22","guid":{"rendered":"http:\/\/dobeles1.lv\/?page_id=58"},"modified":"2022-02-06T18:17:53","modified_gmt":"2022-02-06T18:17:53","slug":"arsti","status":"publish","type":"page","link":"http:\/\/dobeles1.lv\/index.php\/arsti\/","title":{"rendered":"\u0122imenes \u0101rsti"},"content":{"rendered":"<div class=\"post-content\">\n<p>\u0122imenes \u0101rste Inese Sarbantovi\u010da<\/p>\n<\/div>","protected":false},"excerpt":{"rendered":"<p>\u0122imenes \u0101rste Inese Sarbantovi\u010da<\/p>\n","protected":false},"author":1,"featured_media":0,"parent":0,"menu_order":0,"comment_status":"closed","ping_status":"closed","template":"","meta":{"om_disable_all_campaigns":false,"_monsterinsights_skip_tracking":false,"_monsterinsights_sitenote_active":false,"_monsterinsights_sitenote_note":"","_monsterinsights_sitenote_category":0,"footnotes":""},"class_list":["post-58","page","type-page","status-publish","hentry"],"_links":{"self":[{"href":"http:\/\/dobeles1.lv\/index.php\/wp-json\/wp\/v2\/pages\/58","targetHints":{"allow":["GET"]}}],"collection":[{"href":"http:\/\/dobeles1.lv\/index.php\/wp-json\/wp\/v2\/pages"}],"about":[{"href":"http:\/\/dobeles1.lv\/index.php\/wp-json\/wp\/v2\/types\/page"}],"author":[{"embeddable":true,"href":"http:\/\/dobeles1.lv\/index.php\/wp-json\/wp\/v2\/users\/1"}],"replies":[{"embeddable":true,"href":"http:\/\/dobeles1.lv\/index.php\/wp-json\/wp\/v2\/comments?post=58"}],"version-history":[{"count":2,"href":"http:\/\/dobeles1.lv\/index.php\/wp-json\/wp\/v2\/pages\/58\/revisions"}],"predecessor-version":[{"id":126,"href":"http:\/\/dobeles1.lv\/index.php\/wp-json\/wp\/v2\/pages\/58\/revisions\/126"}],"wp:attachment":[{"href":"http:\/\/dobeles1.lv\/index.php\/wp-json\/wp\/v2\/media?parent=58"}],"curies":[{"name":"wp","href":"https:\/\/api.w.org\/{rel}","templated":true}]}}